{"id":499,"date":"2025-04-10T13:32:49","date_gmt":"2025-04-10T13:32:49","guid":{"rendered":"https:\/\/kaczowkafizjoterapia.pl\/?page_id=499"},"modified":"2025-04-28T10:50:05","modified_gmt":"2025-04-28T10:50:05","slug":"regulamin","status":"publish","type":"page","link":"https:\/\/kaczowkafizjoterapia.pl\/index.php\/regulamin\/","title":{"rendered":"Regulamin"},"content":{"rendered":"<div class=\"wpb-content-wrapper\"><p>[vc_row css_animation=&#8221;&#8221; row_type=&#8221;row&#8221; use_row_as_full_screen_section=&#8221;no&#8221; type=&#8221;grid&#8221; angled_section=&#8221;no&#8221; text_align=&#8221;left&#8221; background_image_as_pattern=&#8221;without_pattern&#8221; padding_top=&#8221;130&#8243; padding_bottom=&#8221;50&#8243; z_index=&#8221;&#8221;][vc_column][vc_column_text css=&#8221;&#8221;]<\/p>\n<h2><span style=\"color: #000000;\">Regulamin gabinetu Fizjoterapii<\/span><br \/>\n<span style=\"color: #000000;\">Kacz\u00f3wka Fizjoterapia<\/span><\/h2>\n<p>&nbsp;<\/p>\n<p><span style=\"color: #000000;\"><strong>I. Postanowienia og\u00f3lne<\/strong><\/span><\/p>\n<p><span style=\"color: #000000;\">1. Niniejsza praktyka zawodowa, zwana dalej \u201eGabinetem Fizjoterapii\u201d prowadzona jest przez: \u0141ukasza Kacz\u00f3wka.<\/span><br \/>\n<span style=\"color: #000000;\">2. Dane rejestrowe Gabinetu: ul. Paderewskiego 63 lok. 262 40-282 Katowice, NIP: 6332141389.<\/span><br \/>\n<span style=\"color: #000000;\">3. Gabinet dzia\u0142a na podstawie ustaw o dzia\u0142alno\u015bci leczniczej, zawodzie fizjoterapeuty, prawach pacjenta oraz wpisu nr 000000253719 do rejestru Krajowej Rady Fizjoterapeut\u00f3w.<\/span><br \/>\n<span style=\"color: #000000;\">4. G\u0142\u00f3wna siedziba: ul. Paderewskiego 63 lok. 262, Katowice.<\/span>[\/vc_column_text][vc_empty_space][vc_column_text css=&#8221;&#8221;]<span style=\"color: #000000;\"><strong>II. Cel, zadania i zakres udzielanych \u015bwiadcze\u0144<\/strong><\/span><\/p>\n<p><span style=\"color: #000000;\">Celem jest przywracanie, poprawa lub zachowanie zdrowia pacjent\u00f3w.<\/span><\/p>\n<p><span style=\"color: #000000;\"><strong>Zakres \u015bwiadcze\u0144:<\/strong><\/span><br \/>\n<span style=\"color: #000000;\">a) Terapia manualna<\/span><br \/>\n<span style=\"color: #000000;\">b) Trening terapeutyczny<\/span><br \/>\n<span style=\"color: #000000;\">c) Masa\u017c<\/span><br \/>\n<span style=\"color: #000000;\">d) Elektrostymulacja<\/span><br \/>\n<span style=\"color: #000000;\">e) Terapia Tecar<\/span><br \/>\n<span style=\"color: #000000;\">f) Kinesiotaping<\/span>[\/vc_column_text][vc_empty_space][vc_column_text css=&#8221;&#8221;]<span style=\"color: #000000;\"><strong>III. Rodzaje dzia\u0142alno\u015bci leczniczej<\/strong><\/span><\/p>\n<p><span style=\"color: #000000;\">1. Udzielanie ambulatoryjnych \u015bwiadcze\u0144 zdrowotnych.<\/span><br \/>\n<span style=\"color: #000000;\">2. \u015awiadczenia udzielane s\u0105 w lokalu wskazanym w cz\u0119\u015bci I pkt 4.<\/span><br \/>\n<span style=\"color: #000000;\">3. Mo\u017cliwo\u015b\u0107 \u015bwiadczenia us\u0142ug w miejscu wezwania pacjenta.<\/span>[\/vc_column_text][vc_empty_space][vc_column_text css=&#8221;&#8221;]<span style=\"color: #000000;\"><strong>IV. Przebieg procesu udzielania \u015bwiadcze\u0144 zdrowotnych<\/strong><\/span><\/p>\n<p><span style=\"color: #000000;\">1. Rejestracja telefoniczna, online lub przez wiadomo\u015bci prywatne.<\/span><br \/>\n<span style=\"color: #000000;\">2. Wymagane dane: imi\u0119, nazwisko, telefon, og\u00f3lny problem.<\/span><br \/>\n<span style=\"color: #000000;\">3. Mo\u017cliwe procedury bezpiecze\u0144stwa epidemicznego.<\/span><br \/>\n<span style=\"color: #000000;\">4. Poczekalnia dost\u0119pna w gabinecie.<\/span><br \/>\n<span style=\"color: #000000;\">5. Przy pierwszej wizycie &#8211; za\u0142o\u017cenie dokumentacji medycznej.<\/span><br \/>\n<span style=\"color: #000000;\">6. Szczeg\u00f3\u0142y wizyty s\u0105 odnotowywane w dokumentacji.<\/span><br \/>\n<span style=\"color: #000000;\">7. Odmowa \u015bwiadczenia mo\u017cliwa w okre\u015blonych przypadkach.<\/span>[\/vc_column_text][vc_empty_space][vc_column_text css=&#8221;&#8221;]<span style=\"color: #000000;\"><strong>V. Op\u0142aty za udost\u0119pnianie dokumentacji medycznej<\/strong><\/span><\/p>\n<p><span style=\"color: #000000;\">1. Dokumentacja prowadzona elektronicznie.<\/span><br \/>\n<span style=\"color: #000000;\">2. Brak op\u0142at za elektroniczn\u0105 form\u0119.<\/span><br \/>\n<span style=\"color: #000000;\">3. Wydruk: 0,36 z\u0142\/strona.<\/span><br \/>\n<span style=\"color: #000000;\">4. Odpis\/wyci\u0105g: 10,33 z\u0142\/strona.<\/span>[\/vc_column_text][vc_empty_space][vc_column_text css=&#8221;&#8221;]<span style=\"color: #000000;\"><strong>VI. Op\u0142aty i zasady odwo\u0142a\u0144<\/strong><\/span><\/p>\n<p><span style=\"color: #000000;\">1. Brak finansowania z NFZ.<\/span><br \/>\n<span style=\"color: #000000;\">2. Op\u0142aty wg za\u0142\u0105czonego cennika.<\/span><br \/>\n<span style=\"color: #000000;\">3. Zmiana terminu &#8211; min. dzie\u0144 wcze\u015bniej.<\/span><br \/>\n<span style=\"color: #000000;\">4. Vouchery i pakiety wa\u017cne 6 miesi\u0119cy.<\/span><\/p>\n<p><span style=\"color: #000000;\"><strong>Zasady odwo\u0142a\u0144<\/strong><\/span><\/p>\n<p><span style=\"color: #000000;\">1. Odwo\u0142anie min. 24h przed &#8211; zmiana terminu.<\/span><br \/>\n<span style=\"color: #000000;\">2. Odwo\u0142anie &lt; 24h &#8211; 50% op\u0142aty.<\/span><br \/>\n<span style=\"color: #000000;\">3. Nieobecno\u015b\u0107 bez kontaktu &#8211; 100% op\u0142aty lub 1 wizyta z pakietu.<\/span><br \/>\n<span style=\"color: #000000;\">4. 2x niestawienie si\u0119 bez odwo\u0142ania &#8211; 100% op\u0142aty.<\/span><br \/>\n<span style=\"color: #000000;\">5. B\u0142\u0105d terapeuty &#8211; 1 darmowa wizyta.<\/span><br \/>\n<span style=\"color: #000000;\">6. Op\u00f3\u017anienie &gt; 30 min &#8211; 1 darmowa wizyta.<\/span><br \/>\n<span style=\"color: #000000;\">7. P\u0142atno\u015b\u0107 w dniu wizyty lub po niej.<\/span>[\/vc_column_text][vc_empty_space][vc_column_text css=&#8221;&#8221;]<span style=\"color: #000000;\"><strong>VII. Prawa i obowi\u0105zki pacjenta<\/strong><\/span><\/p>\n<p><span style=\"color: #000000;\"><strong>Prawa:<\/strong><\/span><\/p>\n<p><span style=\"color: #000000;\">Godno\u015b\u0107 i uprzejmo\u015b\u0107 personelu<\/span><br \/>\n<span style=\"color: #000000;\">Wykwalifikowany personel<\/span><br \/>\n<span style=\"color: #000000;\">Informacja o stanie zdrowia<\/span><br \/>\n<span style=\"color: #000000;\">Dyskrecja i ochrona danych<\/span><br \/>\n<span style=\"color: #000000;\">Informacja o metodach leczenia<\/span><br \/>\n<span style=\"color: #000000;\">Wsparcie i przygotowanie do zabieg\u00f3w<\/span><\/p>\n<p>&nbsp;<\/p>\n<p><span style=\"color: #000000;\"><strong>Obowi\u0105zki<\/strong><\/span><\/p>\n<p><span style=\"color: #000000;\">Higiena osobista<\/span><br \/>\n<span style=\"color: #000000;\">Obuwie zmienne<\/span><br \/>\n<span style=\"color: #000000;\">R\u0119cznik je\u015bli wymagany<\/span><br \/>\n<span style=\"color: #000000;\">Str\u00f3j sportowy do \u0107wicze\u0144<\/span><br \/>\n<span style=\"color: #000000;\">Przestrzeganie zalece\u0144<\/span><br \/>\n<span style=\"color: #000000;\">Skierowania i badania<\/span><br \/>\n<span style=\"color: #000000;\">Informowanie o zdrowiu i przeciwwskazaniach<\/span><br \/>\n<span style=\"color: #000000;\">Zakaz palenia i spo\u017cywania alkoholu<\/span><br \/>\n<span style=\"color: #000000;\">Przestrzeganie zasad ppo\u017c<\/span>[\/vc_column_text][vc_empty_space][vc_column_text css=&#8221;&#8221;]<span style=\"color: #000000;\"><strong>VIII. Postanowienia ko\u0144cowe<\/strong><\/span><\/p>\n<p><span style=\"color: #000000;\">1. Obowi\u0105zuj\u0105 przepisy ustaw.<\/span><br \/>\n<span style=\"color: #000000;\">2. Regulamin obowi\u0105zuje od dnia rejestracji dzia\u0142alno\u015bci.<\/span><br \/>\n<span style=\"color: #000000;\">3. Regulamin dost\u0119pny w gabinecie.<\/span>[\/vc_column_text][vc_empty_space][vc_empty_space][vc_raw_html css=&#8221;&#8221;]JTNDJTIxRE9DVFlQRSUyMGh0bWwlM0UlMEElM0NodG1sJTIwbGFuZyUzRCUyMnBsJTIyJTNFJTBBJTNDaGVhZCUzRSUwQSUyMCUyMCUzQ21ldGElMjBjaGFyc2V0JTNEJTIyVVRGLTglMjIlM0UlMEElMjAlMjAlM0N0aXRsZSUzRUNlbm5payUyMCVDNSU5QXdpYWRjemUlQzUlODQlMjBGaXpqb3RlcmFwZXV0eWN6bnljaCUzQyUyRnRpdGxlJTNFJTBBJTIwJTIwJTNDc3R5bGUlM0UlMEElMjAlMjAlMjAlMjBib2R5JTIwJTdCJTBBJTIwJTIwJTIwJTIwJTIwJTIwZm9udC1mYW1pbHklM0ElMjAlMjdTZWdvZSUyMFVJJTI3JTJDJTIwVGFob21hJTJDJTIwR2VuZXZhJTJDJTIwVmVyZGFuYSUyQyUyMHNhbnMtc2VyaWYlM0IlMEElMjAlMjAlMjAlMjAlMjAlMjBiYWNrZ3JvdW5kLWNvbG9yJTNBJTIwJTIzZjdmOWZjJTNCJTBBJTIwJTIwJTIwJTIwJTdEJTBBJTBBJTIwJTIwJTIwJTIwLnByaWNpbmctdGFibGUlMjAlN0IlMEElMjAlMjAlMjAlMjAlMjAlMjBtYXgtd2lkdGglM0ElMjA4MDBweCUzQiUwQSUyMCUyMCUyMCUyMCUyMCUyMG1hcmdpbiUzQSUyMGF1dG8lM0IlMEElMjAlMjAlMjAlMjAlMjAlMjBib3JkZXItY29sbGFwc2UlM0ElMjBjb2xsYXBzZSUzQiUwQSUyMCUyMCUyMCUyMCUyMCUyMHdpZHRoJTNBJTIwMTAwJTI1JTNCJTBBJTIwJTIwJTIwJTIwJTIwJTIwYmFja2dyb3VuZC1jb2xvciUzQSUyMCUyM2ZmZmZmZiUzQiUwQSUyMCUyMCUyMCUyMCUyMCUyMGJveC1zaGFkb3clM0ElMjAwJTIwNHB4JTIwMTJweCUyMHJnYmElMjgwJTJDMCUyQzAlMkMwLjA1JTI5JTNCJTBBJTIwJTIwJTIwJTIwJTIwJTIwYm9yZGVyLXJhZGl1cyUzQSUyMDEycHglM0IlMEElMjAlMjAlMjAlMjAlMjAlMjBvdmVyZmxvdyUzQSUyMGhpZGRlbiUzQiUwQSUyMCUyMCUyMCUyMCU3RCUwQSUwQSUyMCUyMCUyMCUyMC5wcmljaW5nLXRhYmxlJTIwdGglMkMlMEElMjAlMjAlMjAlMjAucHJpY2luZy10YWJsZSUyMHRkJTIwJTdCJTBBJTIwJTIwJTIwJTIwJTIwJTIwcGFkZGluZyUzQSUyMDIwcHglM0IlMEElMjAlMjAlMjAlMjAlMjAlMjB0ZXh0LWFsaWduJTNBJTIwbGVmdCUzQiUwQSUyMCUyMCUyMCUyMCU3RCUwQSUwQSUyMCUyMCUyMCUyMC5wcmljaW5nLXRhYmxlJTIwdGhlYWQlMjB0ciUyMCU3QiUwQSUyMCUyMCUyMCUyMCUyMCUyMGJhY2tncm91bmQtY29sb3IlM0ElMjAlMjMwMzY2NzYlM0IlMEElMjAlMjAlMjAlMjAlN0QlMEElMEElMjAlMjAlMjAlMjAucHJpY2luZy10YWJsZSUyMHRoZWFkJTIwdGglMjAlN0IlMEElMjAlMjAlMjAlMjAlMjAlMjBjb2xvciUzQSUyMCUyM2ZmZmZmZiUzQiUyMCUyRiUyQSUyMEJpYSVDNSU4MnklMjB0ZWtzdCUyMCUyQSUyRiUwQSUyMCUyMCUyMCUyMCUyMCUyMGZvbnQtc2l6ZSUzQSUyMDE4cHglM0IlMEElMjAlMjAlMjAlMjAlMjAlMjB0ZXh0LXRyYW5zZm9ybSUzQSUyMHVwcGVyY2FzZSUzQiUwQSUyMCUyMCUyMCUyMCUyMCUyMGxldHRlci1zcGFjaW5nJTNBJTIwMC41cHglM0IlMEElMjAlMjAlMjAlMjAlN0QlMEElMEElMjAlMjAlMjAlMjAucHJpY2luZy10YWJsZSUyMHRyJTNBbnRoLWNoaWxkJTI4ZXZlbiUyOSUyMCU3QiUwQSUyMCUyMCUyMCUyMCUyMCUyMGJhY2tncm91bmQtY29sb3IlM0ElMjAlMjNmNWY1ZjUlM0IlMEElMjAlMjAlMjAlMjAlN0QlMEElMEElMjAlMjAlMjAlMjAucHJpY2luZy10YWJsZSUyMHRyJTNBbnRoLWNoaWxkJTI4b2RkJTI5JTNBbm90JTI4JTNBZmlyc3QtY2hpbGQlMjklMjAlN0IlMEElMjAlMjAlMjAlMjAlMjAlMjBiYWNrZ3JvdW5kLWNvbG9yJTNBJTIwJTIzZWJlYmViJTNCJTBBJTIwJTIwJTIwJTIwJTdEJTBBJTBBJTIwJTIwJTIwJTIwLnByaWNpbmctdGFibGUlMjB0Ym9keSUyMHRyJTNBaG92ZXIlMjAlN0IlMEElMjAlMjAlMjAlMjAlMjAlMjBiYWNrZ3JvdW5kLWNvbG9yJTNBJTIwJTIzZTBlMGUwJTNCJTBBJTIwJTIwJTIwJTIwJTdEJTBBJTBBJTIwJTIwJTIwJTIwLnByaWNpbmctdGFibGUlMjB0ZCUyMCU3QiUwQSUyMCUyMCUyMCUyMCUyMCUyMGZvbnQtc2l6ZSUzQSUyMDE2cHglM0IlMEElMjAlMjAlMjAlMjAlMjAlMjBjb2xvciUzQSUyMCUyMzMzMyUzQiUwQSUyMCUyMCUyMCUyMCU3RCUwQSUwQSUyMCUyMCUyMCUyMGgyJTIwJTdCJTBBJTIwJTIwJTIwJTIwJTIwJTIwdGV4dC1hbGlnbiUzQSUyMGNlbnRlciUzQiUwQSUyMCUyMCUyMCUyMCUyMCUyMGNvbG9yJTNBJTIwJTIzMDM2Njc2JTNCJTBBJTIwJTIwJTIwJTIwJTIwJTIwbWFyZ2luLWJvdHRvbSUzQSUyMDMwcHglM0IlMEElMjAlMjAlMjAlMjAlN0QlMEElMjAlMjAlM0MlMkZzdHlsZSUzRSUwQSUzQyUyRmhlYWQlM0UlMEElM0Nib2R5JTNFJTBBJTBBJTIwJTIwJTNDaDIlM0VDZW5uaWslMjAlQzUlOUF3aWFkY3plJUM1JTg0JTIwRml6am90ZXJhcGV1dHljem55Y2glM0MlMkZoMiUzRSUwQSUwQSUyMCUyMCUzQ3RhYmxlJTIwY2xhc3MlM0QlMjJwcmljaW5nLXRhYmxlJTIyJTNFJTBBJTIwJTIwJTIwJTIwJTNDdGhlYWQlM0UlMEElMjAlMjAlMjAlMjAlMjAlMjAlM0N0ciUzRSUwQSUyMCUyMCUyMCUyMCUyMCUyMCUyMCUyMCUzQ3RoJTNFVXMlQzUlODJ1Z2ElM0MlMkZ0aCUzRSUwQSUyMCUyMCUyMCUyMCUyMCUyMCUyMCUyMCUzQ3RoJTNFQ2VuYSUzQyUyRnRoJTNFJTBBJTIwJTIwJTIwJTIwJTIwJTIwJTNDJTJGdHIlM0UlMEElMjAlMjAlMjAlMjAlM0MlMkZ0aGVhZCUzRSUwQSUyMCUyMCUyMCUyMCUzQ3Rib2R5JTNFJTBBJTIwJTIwJTIwJTIwJTIwJTIwJTNDdHIlM0UlMEElMjAlMjAlMjAlMjAlMjAlMjAlMjAlMjAlM0N0ZCUzRVRlcmFwaWElMjBtYW51YWxuYSUyMDQ1bWluJTIwJTJGJTIwcGFraWV0JTIwNSUyMHphYmllZyVDMyVCM3clM0MlMkZ0ZCUzRSUwQSUyMCUyMCUyMCUyMCUyMCUyMCUyMCUyMCUzQ3RkJTNFMjAweiVDNSU4MiUyMCUyRiUyMDkwMHolQzUlODIlM0MlMkZ0ZCUzRSUwQSUyMCUyMCUyMCUyMCUyMCUyMCUzQyUyRnRyJTNFJTBBJTIwJTIwJTIwJTIwJTIwJTIwJTNDdHIlM0UlMEElMjAlMjAlMjAlMjAlMjAlMjAlMjAlMjAlM0N0ZCUzRVRlcmFwaWElMjBtYW51YWxuYSUyMCUyQiUyMFRlY2FyJTIwZG8lMjA0NW1pbiUyMCUyRiUyMHBha2lldCUyMDUlMjB6YWJpZWclQzMlQjN3JTNDJTJGdGQlM0UlMEElMjAlMjAlMjAlMjAlMjAlMjAlMjAlMjAlM0N0ZCUzRTIwMHolQzUlODIlMjAlMkYlMjA5MDB6JUM1JTgyJTNDJTJGdGQlM0UlMEElMjAlMjAlMjAlMjAlMjAlMjAlM0MlMkZ0ciUzRSUwQSUyMCUyMCUyMCUyMCUyMCUyMCUzQ3RyJTNFJTBBJTIwJTIwJTIwJTIwJTIwJTIwJTIwJTIwJTNDdGQlM0VUcmVuaW5nJTIwdGVyYXBldXR5Y3pueSUyMDQ1bWluJTNDJTJGdGQlM0UlMEElMjAlMjAlMjAlMjAlMjAlMjAlMjAlMjAlM0N0ZCUzRTIwMHolQzUlODIlM0MlMkZ0ZCUzRSUwQSUyMCUyMCUyMCUyMCUyMCUyMCUzQyUyRnRyJTNFJTBBJTIwJTIwJTIwJTIwJTIwJTIwJTNDdHIlM0UlMEElMjAlMjAlMjAlMjAlMjAlMjAlMjAlMjAlM0N0ZCUzRU1hc2ElQzUlQkMlMjA0NW1pbiUzQyUyRnRkJTNFJTBBJTIwJTIwJTIwJTIwJTIwJTIwJTIwJTIwJTNDdGQlM0UyMDB6JUM1JTgyJTNDJTJGdGQlM0UlMEElMjAlMjAlMjAlMjAlMjAlMjAlM0MlMkZ0ciUzRSUwQSUyMCUyMCUyMCUyMCUyMCUyMCUzQ3RyJTNFJTBBJTIwJTIwJTIwJTIwJTIwJTIwJTIwJTIwJTNDdGQlM0VFbGVrdHJvc3R5bXVsYWNqYSUyMDElMjB6YWJpZWclMjAlMkYlMjBwYWtpZXQlMjAxMCUyMHphYmllZyVDMyVCM3clM0MlMkZ0ZCUzRSUwQSUyMCUyMCUyMCUyMCUyMCUyMCUyMCUyMCUzQ3RkJTNFNDl6JUM1JTgyJTIwJTJGJTIwNDAweiVDNSU4MiUzQyUyRnRkJTNFJTBBJTIwJTIwJTIwJTIwJTIwJTIwJTNDJTJGdHIlM0UlMEElMjAlMjAlMjAlMjAlMjAlMjAlM0N0ciUzRSUwQSUyMCUyMCUyMCUyMCUyMCUyMCUyMCUyMCUzQ3RkJTNFVGVyYXBpYSUyMFRlY2FyJTIwZG8lMjAzMG1pbiUyMCUyRiUyMHBha2lldCUyMDUlMjB6YWJpZWclQzMlQjN3JTNDJTJGdGQlM0UlMEElMjAlMjAlMjAlMjAlMjAlMjAlMjAlMjAlM0N0ZCUzRTE1MHolQzUlODIlMjAlMkYlMjA3MDB6JUM1JTgyJTNDJTJGdGQlM0UlMEElMjAlMjAlMjAlMjAlMjAlMjAlM0MlMkZ0ciUzRSUwQSUyMCUyMCUyMCUyMCUyMCUyMCUzQ3RyJTNFJTBBJTIwJTIwJTIwJTIwJTIwJTIwJTIwJTIwJTNDdGQlM0VLaW5lc2lvdGFwaW5nJTIwMSUyMGFwbGlrYWNqYSUzQyUyRnRkJTNFJTBBJTIwJTIwJTIwJTIwJTIwJTIwJTIwJTIwJTNDdGQlM0U1MHolQzUlODIlM0MlMkZ0ZCUzRSUwQSUyMCUyMCUyMCUyMCUyMCUyMCUzQyUyRnRyJTNFJTBBJTIwJTIwJTIwJTIwJTIwJTIwJTNDdHIlM0UlMEElMjAlMjAlMjAlMjAlMjAlMjAlMjAlMjAlM0N0ZCUzRVJlZ2VuZXJhY2phJTIwc3BvcnRvd2ElMjBkbyUyMDYwJTIwbWluJTNDJTJGdGQlM0UlMEElMjAlMjAlMjAlMjAlMjAlMjAlMjAlMjAlM0N0ZCUzRTI1MHolQzUlODIlM0MlMkZ0ZCUzRSUwQSUyMCUyMCUyMCUyMCUyMCUyMCUzQyUyRnRyJTNFJTBBJTIwJTIwJTIwJTIwJTIwJTIwJTNDdHIlM0UlMEElMjAlMjAlMjAlMjAlMjAlMjAlMjAlMjAlM0N0ZCUzRVdpenl0YSUyMGRvbW93YSUzQyUyRnRkJTNFJTBBJTIwJTIwJTIwJTIwJTIwJTIwJTIwJTIwJTNDdGQlM0UyMDB6JUM1JTgyJTIwJTJCJTIwZG9qYXpkJTNDJTJGdGQlM0UlMEElMjAlMjAlMjAlMjAlMjAlMjAlM0MlMkZ0ciUzRSUwQSUyMCUyMCUyMCUyMCUzQyUyRnRib2R5JTNFJTBBJTIwJTIwJTNDJTJGdGFibGUlM0UlMEElMEElM0MlMkZib2R5JTNFJTBBJTNDJTJGaHRtbCUzRQ==[\/vc_raw_html][vc_empty_space][vc_empty_space][vc_empty_space][\/vc_column][\/vc_row]<\/p>\n<\/div>","protected":false},"excerpt":{"rendered":"<p>[vc_row css_animation=&#8221;&#8221; row_type=&#8221;row&#8221; use_row_as_full_screen_section=&#8221;no&#8221; type=&#8221;grid&#8221; angled_section=&#8221;no&#8221; text_align=&#8221;left&#8221; background_image_as_pattern=&#8221;without_pattern&#8221; padding_top=&#8221;130&#8243; padding_bottom=&#8221;50&#8243; z_index=&#8221;&#8221;][vc_column][vc_column_text css=&#8221;&#8221;] Regulamin gabinetu Fizjoterapii Kacz\u00f3wka Fizjoterapia &nbsp; I. Postanowienia og\u00f3lne 1. Niniejsza praktyka zawodowa, zwana dalej \u201eGabinetem Fizjoterapii\u201d prowadzona jest przez: \u0141ukasza Kacz\u00f3wka. 2. Dane rejestrowe Gabinetu: ul. Paderewskiego 63 lok. 262 40-282 Katowice,&#8230;<\/p>\n","protected":false},"author":1,"featured_media":0,"parent":0,"menu_order":0,"comment_status":"closed","ping_status":"closed","template":"full_width.php","meta":{"content-type":"","footnotes":""},"class_list":["post-499","page","type-page","status-publish","hentry"],"_links":{"self":[{"href":"https:\/\/kaczowkafizjoterapia.pl\/index.php\/wp-json\/wp\/v2\/pages\/499","targetHints":{"allow":["GET"]}}],"collection":[{"href":"https:\/\/kaczowkafizjoterapia.pl\/index.php\/wp-json\/wp\/v2\/pages"}],"about":[{"href":"https:\/\/kaczowkafizjoterapia.pl\/index.php\/wp-json\/wp\/v2\/types\/page"}],"author":[{"embeddable":true,"href":"https:\/\/kaczowkafizjoterapia.pl\/index.php\/wp-json\/wp\/v2\/users\/1"}],"replies":[{"embeddable":true,"href":"https:\/\/kaczowkafizjoterapia.pl\/index.php\/wp-json\/wp\/v2\/comments?post=499"}],"version-history":[{"count":19,"href":"https:\/\/kaczowkafizjoterapia.pl\/index.php\/wp-json\/wp\/v2\/pages\/499\/revisions"}],"predecessor-version":[{"id":539,"href":"https:\/\/kaczowkafizjoterapia.pl\/index.php\/wp-json\/wp\/v2\/pages\/499\/revisions\/539"}],"wp:attachment":[{"href":"https:\/\/kaczowkafizjoterapia.pl\/index.php\/wp-json\/wp\/v2\/media?parent=499"}],"curies":[{"name":"wp","href":"https:\/\/api.w.org\/{rel}","templated":true}]}}