{"id":357,"date":"2018-06-05T09:44:39","date_gmt":"2018-06-05T09:44:39","guid":{"rendered":"http:\/\/bridge246.qodeinteractive.com\/?page_id=224"},"modified":"2025-04-28T10:41:06","modified_gmt":"2025-04-28T10:41:06","slug":"kontakt","status":"publish","type":"page","link":"https:\/\/kaczowkafizjoterapia.pl\/index.php\/kontakt\/","title":{"rendered":"Kontakt"},"content":{"rendered":"<div class=\"wpb-content-wrapper\"><p>[vc_row css_animation=&#8221;&#8221; row_type=&#8221;row&#8221; use_row_as_full_screen_section=&#8221;no&#8221; type=&#8221;grid&#8221; angled_section=&#8221;no&#8221; text_align=&#8221;left&#8221; background_image_as_pattern=&#8221;without_pattern&#8221; padding_top=&#8221;130&#8243; padding_bottom=&#8221;50&#8243; z_index=&#8221;&#8221;][vc_column offset=&#8221;vc_col-lg-offset-0 vc_col-lg-6 vc_col-md-offset-0 vc_col-md-12&#8243;][vc_empty_space height=&#8221;10px&#8221;][vc_column_text css=&#8221;&#8221;]<\/p>\n<h1 style=\"font-size: 47px;\">Potrzebujesz wsparcia fizjoterapeuty? Napisz lub zadzwo\u0144 \u2013 ch\u0119tnie pomog\u0119.<\/h1>\n<p>[\/vc_column_text][vc_empty_space height=&#8221;18px&#8221;][vc_column_text css=&#8221;&#8221;]<\/p>\n<p class=\"p1\">Masz pytania, chcesz um\u00f3wi\u0107 wizyt\u0119 lub skonsultowa\u0107 sw\u00f3j problem? Skontaktuj si\u0119 ze mn\u0105 \u2013 jestem tu, by Ci pom\u00f3c i dobra\u0107 terapi\u0119 dopasowan\u0105 do Twoich potrzeb. Mo\u017cesz zadzwoni\u0107, napisa\u0107 wiadomo\u015b\u0107 lub skorzysta\u0107 z formularza kontaktowego. Razem zadbamy o Tw\u00f3j komfort, zdrowie i sprawno\u015b\u0107.<\/p>\n<p>[\/vc_column_text][vc_raw_html css=&#8221;&#8221;]JTVCdmNfZW1wdHlfc3BhY2UlMjBoZWlnaHQlM0QlMjI0MHB4JTIyJTVEJTBBJTVCaWNvbl9saXN0X2l0ZW0lMjBpY29uJTNEJTIyZmEtbWFwLW1hcmtlciUyMiUyMGljb25fdHlwZSUzRCUyMnRyYW5zcGFyZW50JTIyJTIwaWNvbl9jb2xvciUzRCUyMiUyMzAwMDAwMCUyMiUyMHRpdGxlJTNEJTIyUGFkZXJld3NraWVnbyUyMDYzJTJDJTIwNDAtMjgyJTIwS2F0b3dpY2UlMjIlNUQlMEElNUJpY29uX2xpc3RfaXRlbSUyMGljb24lM0QlMjJmYS1waG9uZSUyMiUyMGljb25fdHlwZSUzRCUyMnRyYW5zcGFyZW50JTIyJTIwaWNvbl9jb2xvciUzRCUyMiUyMzAwMDAwMCUyMiUyMHRpdGxlJTNEJTIyJTIwJTI4JTJCNDglMjklMjAlRTIlODAlQUQ4ODElMjA1MTAlMjAzNjQlRTIlODAlQUMlMjIlNUQlMEElNUJpY29uX2xpc3RfaXRlbSUyMGljb24lM0QlMjJmYS1zb2xpZCUyMGZhLWVudmVsb3BlJTIyJTIwaWNvbl90eXBlJTNEJTIydHJhbnNwYXJlbnQlMjIlMjBpY29uX2NvbG9yJTNEJTIyJTIzMDAwMDAwJTIyJTIwdGl0bGUlM0QlMjIlMjBLb250YWt0JTQwa2Fjem93a2FmaXpqb3RlcmFwaWEucGwlMjIlNUQlMEElNUJpY29uX2xpc3RfaXRlbSUyMGljb24lM0QlMjJmYS1zb2xpZCUyMGZhLWJ1aWxkaW5nJTIyJTIwaWNvbl90eXBlJTNEJTIydHJhbnNwYXJlbnQlMjIlMjBpY29uX2NvbG9yJTNEJTIyJTIzMDAwMDAwJTIyJTIwdGl0bGUlM0QlMjIlMjBOSVAlM0ElMjA2MzMyMTQxMzg5JTIyJTVE[\/vc_raw_html][vc_empty_space height=&#8221;30px&#8221;][vc_empty_space height=&#8221;70px&#8221;][\/vc_column][vc_column offset=&#8221;vc_col-lg-offset-0 vc_col-lg-6 vc_col-md-offset-0 vc_col-md-12 vc_col-sm-offset-0&#8243;]\n<div class=\"wpcf7 no-js\" id=\"wpcf7-f45-o1\" lang=\"en-US\" dir=\"ltr\" data-wpcf7-id=\"45\">\n<div class=\"screen-reader-response\"><p role=\"status\" aria-live=\"polite\" aria-atomic=\"true\"><\/p> <ul><\/ul><\/div>\n<form action=\"\/index.php\/wp-json\/wp\/v2\/pages\/357#wpcf7-f45-o1\" method=\"post\" class=\"wpcf7-form init cf7_custom_style_1\" aria-label=\"Contact form\" novalidate=\"novalidate\" data-status=\"init\">\n<div style=\"display: none;\">\n<input type=\"hidden\" name=\"_wpcf7\" value=\"45\" \/>\n<input type=\"hidden\" name=\"_wpcf7_version\" value=\"6.0.4\" \/>\n<input type=\"hidden\" name=\"_wpcf7_locale\" value=\"en_US\" \/>\n<input type=\"hidden\" name=\"_wpcf7_unit_tag\" value=\"wpcf7-f45-o1\" \/>\n<input type=\"hidden\" name=\"_wpcf7_container_post\" value=\"0\" \/>\n<input type=\"hidden\" name=\"_wpcf7_posted_data_hash\" value=\"\" \/>\n<\/div>\n<div> <span class=\"wpcf7-form-control-wrap\" data-name=\"your-name\"><input size=\"40\" maxlength=\"400\" class=\"wpcf7-form-control wpcf7-text wpcf7-validates-as-required\" aria-required=\"true\" aria-invalid=\"false\" placeholder=\"Imi\u0119 i Nazwisko\" value=\"\" type=\"text\" name=\"your-name\" \/><\/span><\/div>\n<div><span class=\"wpcf7-form-control-wrap\" data-name=\"email\"><input size=\"40\" maxlength=\"400\" class=\"wpcf7-form-control wpcf7-email wpcf7-validates-as-required wpcf7-text wpcf7-validates-as-email\" aria-required=\"true\" aria-invalid=\"false\" placeholder=\"Email\" value=\"\" type=\"email\" name=\"email\" \/><\/span><\/div>\n<div><span class=\"wpcf7-form-control-wrap\" data-name=\"tel-728\"><input size=\"40\" maxlength=\"400\" class=\"wpcf7-form-control wpcf7-tel wpcf7-text wpcf7-validates-as-tel\" aria-invalid=\"false\" placeholder=\"Telefon\" value=\"\" type=\"tel\" name=\"tel-728\" \/><\/span><\/div>\n<div><span class=\"wpcf7-form-control-wrap\" data-name=\"your-message\"><textarea cols=\"40\" rows=\"10\" maxlength=\"2000\" class=\"wpcf7-form-control wpcf7-textarea\" aria-invalid=\"false\" placeholder=\"Wiadomo\u015b\u0107\" name=\"your-message\"><\/textarea><\/span><\/div> \n<input class=\"wpcf7-form-control wpcf7-submit has-spinner\" type=\"submit\" value=\"Wy\u015blij\" \/><div class=\"wpcf7-response-output\" aria-hidden=\"true\"><\/div>\n<\/form>\n<\/div>\n[\/vc_column][\/vc_row]<\/p>\n<\/div>","protected":false},"excerpt":{"rendered":"<p>[vc_row css_animation=&#8221;&#8221; row_type=&#8221;row&#8221; use_row_as_full_screen_section=&#8221;no&#8221; type=&#8221;grid&#8221; angled_section=&#8221;no&#8221; text_align=&#8221;left&#8221; background_image_as_pattern=&#8221;without_pattern&#8221; padding_top=&#8221;130&#8243; padding_bottom=&#8221;50&#8243; z_index=&#8221;&#8221;][vc_column offset=&#8221;vc_col-lg-offset-0 vc_col-lg-6 vc_col-md-offset-0 vc_col-md-12&#8243;][vc_empty_space height=&#8221;10px&#8221;][vc_column_text css=&#8221;&#8221;] Potrzebujesz wsparcia fizjoterapeuty? Napisz lub zadzwo\u0144 \u2013 ch\u0119tnie pomog\u0119. [\/vc_column_text][vc_empty_space height=&#8221;18px&#8221;][vc_column_text css=&#8221;&#8221;] Masz pytania, chcesz um\u00f3wi\u0107 wizyt\u0119 lub skonsultowa\u0107 sw\u00f3j problem? Skontaktuj si\u0119 ze mn\u0105 \u2013 jestem tu,&#8230;<\/p>\n","protected":false},"author":1,"featured_media":0,"parent":0,"menu_order":0,"comment_status":"closed","ping_status":"closed","template":"full_width.php","meta":{"content-type":"","footnotes":""},"class_list":["post-357","page","type-page","status-publish","hentry"],"_links":{"self":[{"href":"https:\/\/kaczowkafizjoterapia.pl\/index.php\/wp-json\/wp\/v2\/pages\/357","targetHints":{"allow":["GET"]}}],"collection":[{"href":"https:\/\/kaczowkafizjoterapia.pl\/index.php\/wp-json\/wp\/v2\/pages"}],"about":[{"href":"https:\/\/kaczowkafizjoterapia.pl\/index.php\/wp-json\/wp\/v2\/types\/page"}],"author":[{"embeddable":true,"href":"https:\/\/kaczowkafizjoterapia.pl\/index.php\/wp-json\/wp\/v2\/users\/1"}],"replies":[{"embeddable":true,"href":"https:\/\/kaczowkafizjoterapia.pl\/index.php\/wp-json\/wp\/v2\/comments?post=357"}],"version-history":[{"count":7,"href":"https:\/\/kaczowkafizjoterapia.pl\/index.php\/wp-json\/wp\/v2\/pages\/357\/revisions"}],"predecessor-version":[{"id":418,"href":"https:\/\/kaczowkafizjoterapia.pl\/index.php\/wp-json\/wp\/v2\/pages\/357\/revisions\/418"}],"wp:attachment":[{"href":"https:\/\/kaczowkafizjoterapia.pl\/index.php\/wp-json\/wp\/v2\/media?parent=357"}],"curies":[{"name":"wp","href":"https:\/\/api.w.org\/{rel}","templated":true}]}}