{"id":355,"date":"2018-06-01T12:03:16","date_gmt":"2018-06-01T12:03:16","guid":{"rendered":"http:\/\/bridge246.qodeinteractive.com\/?page_id=7"},"modified":"2026-01-22T17:36:46","modified_gmt":"2026-01-22T17:36:46","slug":"home-2","status":"publish","type":"page","link":"https:\/\/kaczowkafizjoterapia.pl\/","title":{"rendered":"Strona G\u0142\u00f3wna"},"content":{"rendered":"<div class=\"wpb-content-wrapper\"><p>[vc_row css_animation=&#8221;&#8221; row_type=&#8221;row&#8221; use_row_as_full_screen_section=&#8221;no&#8221; type=&#8221;full_width&#8221; angled_section=&#8221;no&#8221; text_align=&#8221;left&#8221; background_image_as_pattern=&#8221;without_pattern&#8221;][vc_column][rev_slider_vc alias=&#8221;home&#8221;][\/vc_column][\/vc_row][vc_row css_animation=&#8221;&#8221; row_type=&#8221;row&#8221; use_row_as_full_screen_section=&#8221;no&#8221; type=&#8221;grid&#8221; angled_section=&#8221;no&#8221; text_align=&#8221;left&#8221; background_image_as_pattern=&#8221;without_pattern&#8221; z_index=&#8221;&#8221; css=&#8221;.vc_custom_1528109118284{background-color: #ffffff !important;}&#8221;][vc_column css=&#8221;.vc_custom_1528210559804{margin-top: -114px !important;padding-top: 0px !important;padding-left: 0px !important;}&#8221;][vc_single_image image=&#8221;461&#8243; img_size=&#8221;full&#8221; style=&#8221;vc_box_border&#8221; css=&#8221;.vc_custom_1744234532811{border-top-width: 1px !important;border-color: #FFFFFF !important;}&#8221; qode_css_animation=&#8221;element_from_right&#8221; qode_hover_animation=&#8221;zoom_in&#8221;][\/vc_column][\/vc_row][vc_row css_animation=&#8221;&#8221; row_type=&#8221;row&#8221; use_row_as_full_screen_section=&#8221;no&#8221; type=&#8221;grid&#8221; angled_section=&#8221;no&#8221; text_align=&#8221;left&#8221; background_image_as_pattern=&#8221;without_pattern&#8221; padding_top=&#8221;120&#8243; z_index=&#8221;&#8221;][vc_column offset=&#8221;vc_col-lg-offset-0 vc_col-lg-6 vc_col-md-offset-0 vc_col-md-6 vc_col-sm-offset-0&#8243;][vc_single_image image=&#8221;463&#8243; img_size=&#8221;full&#8221; css=&#8221;&#8221; qode_css_animation=&#8221;&#8221;][vc_empty_space height=&#8221;90px&#8221;][\/vc_column][vc_column offset=&#8221;vc_col-lg-offset-0 vc_col-lg-6 vc_col-md-offset-0 vc_col-md-6 vc_col-sm-offset-0&#8243;][vc_column_text css=&#8221;&#8221;]<\/p>\n<h1>\u0141UKASZ KACZ\u00d3WKA<\/h1>\n<p>[\/vc_column_text][vc_empty_space height=&#8221;12px&#8221;][vc_empty_space height=&#8221;12px&#8221;]<div class='q_icon_with_title small custom_icon_image '><div class=\"icon_holder \" style=\" \"><img decoding=\"async\" src=\"https:\/\/kaczowkafizjoterapia.pl\/wp-content\/uploads\/2025\/03\/1.png\" alt=\"\"><\/div><div class=\"icon_text_holder\" style=\"\"><div class=\"icon_text_inner\" style=\"\"><h3 class=\"icon_title\" style=\"\">Terapia manualna \u2013 skuteczna pomoc w redukcji b\u00f3lu<\/h3><p style=''>Pomagam w leczeniu b\u00f3lu kr\u0119gos\u0142upa, staw\u00f3w i napi\u0119\u0107 mi\u0119\u015bniowych za pomoc\u0105 precyzyjnych technik manualnych.<\/p><\/div><\/div><\/div>[vc_empty_space height=&#8221;12px&#8221;]<div class='q_icon_with_title small custom_icon_image '><div class=\"icon_holder \" style=\" \"><img decoding=\"async\" src=\"https:\/\/kaczowkafizjoterapia.pl\/wp-content\/uploads\/2025\/03\/2.png\" alt=\"\"><\/div><div class=\"icon_text_holder\" style=\"\"><div class=\"icon_text_inner\" style=\"\"><h3 class=\"icon_title\" style=\"\">Rehabilitacja pourazowa \u2013 szybki powr\u00f3t do sprawno\u015bci<\/h3><p style=''>Wspieram pacjent\u00f3w po kontuzjach, operacjach i urazach, przywracaj\u0105c pe\u0142n\u0105 funkcjonalno\u015b\u0107 i mobilno\u015b\u0107.<\/p><\/div><\/div><\/div>[vc_empty_space height=&#8221;12px&#8221;]<div class='q_icon_with_title small custom_icon_image '><div class=\"icon_holder \" style=\" \"><img decoding=\"async\" src=\"https:\/\/kaczowkafizjoterapia.pl\/wp-content\/uploads\/2025\/03\/3.png\" alt=\"\"><\/div><div class=\"icon_text_holder\" style=\"\"><div class=\"icon_text_inner\" style=\"\"><h3 class=\"icon_title\" style=\"\">Leczenie przewlek\u0142ych dolegliwo\u015bci \u2013 d\u0142ugotrwa\u0142a ulga i poprawa komfortu \u017cycia<\/h3><p style=''>Pomagam w leczeniu b\u00f3lu kr\u0119gos\u0142upa, staw\u00f3w i napi\u0119\u0107 mi\u0119\u015bniowych za pomoc\u0105 precyzyjnych technik manualnych.<\/p><\/div><\/div><\/div>[vc_empty_space height=&#8221;12px&#8221;]<div class='q_icon_with_title small custom_icon_image '><div class=\"icon_holder \" style=\" \"><img decoding=\"async\" src=\"https:\/\/kaczowkafizjoterapia.pl\/wp-content\/uploads\/2025\/03\/4.png\" alt=\"\"><\/div><div class=\"icon_text_holder\" style=\"\"><div class=\"icon_text_inner\" style=\"\"><h3 class=\"icon_title\" style=\"\">Indywidualne podej\u015bcie do ka\u017cdego pacjenta<\/h3><p style=''>Dopasowuj\u0119 terapi\u0119 do Twoich potrzeb \u2013 niezale\u017cnie, czy jeste\u015b sportowcem, czy potrzebujesz wsparcia w codziennym funkcjonowaniu.<\/p><\/div><\/div><\/div>[vc_empty_space height=&#8221;50px&#8221;][\/vc_column][\/vc_row][vc_row css_animation=&#8221;&#8221; row_type=&#8221;row&#8221; use_row_as_full_screen_section=&#8221;no&#8221; type=&#8221;full_width&#8221; angled_section=&#8221;no&#8221; text_align=&#8221;left&#8221; background_image_as_pattern=&#8221;without_pattern&#8221;][vc_column]<div class=\"qode-cards-holder\">\n    <div class=\"qode-cards-header cards\">\n\n    <\/div>\n    <div class=\"qode-card-panes\">\n        \n<div class=\"pane card656  navigation-bullets-disabled no-shadow\">\n        <div class=\"qode-card-slider-holder-outer\" style=\"\">\n        <div class=\"qode-card-slider-holder\" data-card-slide=\"1\"  data-center=\"no\" data-active-middle-slide=\"true\">\n            <div class=\"controls arrows\">\n                <a data-direction=\"prev\" href=\"#\" class=\"button prev qode-type1-gradient-bottom-to-top-text\"><span class=\"arrow_carrot-left\"><\/span><\/a>\n                <a data-direction=\"next\" href=\"#\" class=\"button next qode-type1-gradient-bottom-to-top-text\"><span class=\"arrow_carrot-right\"><\/span><\/a>\n            <\/div>\n\n                        <div class=\"qode-card-slider clearfix\">\n                                    <div class='slide' data-card-slide=\"1\">\n                                                    <img decoding=\"async\" src=\"#\" alt=\"\" class=\"qode-lazy-image\" data-image=\"https:\/\/kaczowkafizjoterapia.pl\/wp-content\/uploads\/2025\/03\/kaczowka-fizjoterapeuta.jpg\" style=\"width:800px;height:1px\"data-ratio=\"1\" data-lazy=\"true\" \/>\n                                            <\/div>\n                                    <div class='slide' data-card-slide=\"2\">\n                                                    <img decoding=\"async\" src=\"#\" alt=\"\" class=\"qode-lazy-image\" data-image=\"https:\/\/kaczowkafizjoterapia.pl\/wp-content\/uploads\/2025\/03\/fizjoterapia-skuteczna.jpg\" style=\"width:800px;height:1px\"data-ratio=\"1\" data-lazy=\"true\" \/>\n                                            <\/div>\n                                    <div class='slide' data-card-slide=\"3\">\n                                                    <img decoding=\"async\" src=\"#\" alt=\"\" class=\"qode-lazy-image\" data-image=\"https:\/\/kaczowkafizjoterapia.pl\/wp-content\/uploads\/2025\/03\/fizjoterapia-dla-dzieci-i-doroslych.jpg\" style=\"width:800px;height:1px\"data-ratio=\"1\" data-lazy=\"true\" \/>\n                                            <\/div>\n                                    <div class='slide' data-card-slide=\"4\">\n                                                    <img decoding=\"async\" src=\"#\" alt=\"\" class=\"qode-lazy-image\" data-image=\"https:\/\/kaczowkafizjoterapia.pl\/wp-content\/uploads\/2025\/03\/fizjoterapia-slask.jpg\" style=\"width:800px;height:1px\"data-ratio=\"1\" data-lazy=\"true\" \/>\n                                            <\/div>\n                            <\/div>\n        <\/div>\n    <\/div>\n<\/div>\n    <\/div>\n<\/div>[\/vc_column][\/vc_row][vc_row css_animation=&#8221;&#8221; row_type=&#8221;row&#8221; use_row_as_full_screen_section=&#8221;no&#8221; type=&#8221;full_width&#8221; angled_section=&#8221;no&#8221; text_align=&#8221;left&#8221; background_image_as_pattern=&#8221;without_pattern&#8221; padding_top=&#8221;98&#8243; z_index=&#8221;&#8221;][vc_column offset=&#8221;vc_col-lg-7 vc_col-md-offset-0 vc_col-md-12 vc_col-sm-offset-0&#8243;][qode_elements_holder number_of_columns=&#8221;one_column&#8221;][qode_elements_holder_item advanced_animations=&#8221;no&#8221; item_padding=&#8221;97px 10% 0 32%&#8221; item_padding_1280_1440=&#8221;0px 10% 45px 28%&#8221; item_padding_1024_1280=&#8221;0px 10% 45px 28%&#8221; item_padding_768_1024=&#8221;0px 8% 60px 8%&#8221; item_padding_480_600=&#8221;0px 7% 70px 7%&#8221; item_padding_480=&#8221;0px 7% 70px 7%&#8221;][vc_column_text css=&#8221;&#8221;]<\/p>\n<h1>Nowoczesna fizjoterapia TECAR<\/h1>\n<p>[\/vc_column_text][vc_empty_space height=&#8221;30px&#8221;][vc_column_text css=&#8221;&#8221;]Skuteczna terapia radiofrekwencyjna przyspieszaj\u0105ca regeneracj\u0119, \u0142agodz\u0105ca b\u00f3l i wspieraj\u0105ca powr\u00f3t do pe\u0142nej sprawno\u015bci.[\/vc_column_text][vc_empty_space height=&#8221;40px&#8221;]<div class='q_progress_bar'><h5 class='progress_title_holder clearfix' style='color: #040707;'><span class='progress_title'><span>Pacjent\u00f3w odczuwa znaczn\u0105 redukcj\u0119 b\u00f3lu ju\u017c po 3\u20135 zabiegach TECAR<\/span><\/span><span class='progress_number' style='color: #040707;font-size: 16px;'><span>0<\/span>%<\/span><\/h5><div class='progress_content_outer' style='background-color: #C7C7C7;'><div data-percentage='92' class='progress_content' style='background-color: #2C6573;'><\/div><\/div><\/div><div class='q_progress_bar'><h5 class='progress_title_holder clearfix' style='color: #040707;'><span class='progress_title'><span>Sportowc\u00f3w zauwa\u017ca szybsz\u0105 regeneracj\u0119 i powr\u00f3t do trening\u00f3w po zastosowaniu TECAR.<\/span><\/span><span class='progress_number' style='color: #040707;'><span>0<\/span>%<\/span><\/h5><div class='progress_content_outer' style='background-color: #C7C7C7;'><div data-percentage='87' class='progress_content' style='background-color: #2C6573;'><\/div><\/div><\/div><div class='q_progress_bar'><h5 class='progress_title_holder clearfix' style='color: #040707;'><span class='progress_title'><span>Poprawy elastyczno\u015bci i napi\u0119cia sk\u00f3ry po serii zabieg\u00f3w estetycznych TECAR<\/span><\/span><span class='progress_number' style='color: #040707;'><span>0<\/span>%<\/span><\/h5><div class='progress_content_outer' style='background-color: #C7C7C7;'><div data-percentage='78' class='progress_content' style='background-color: #2C6573;'><\/div><\/div><\/div>[\/qode_elements_holder_item][\/qode_elements_holder][\/vc_column][vc_column offset=&#8221;vc_col-lg-offset-0 vc_col-lg-5 vc_col-md-offset-0 vc_col-md-12 vc_col-sm-offset-0&#8243;][vc_single_image image=&#8221;389&#8243; img_size=&#8221;800&#8243; alignment=&#8221;center&#8221; css=&#8221;&#8221; qode_css_animation=&#8221;&#8221;][\/vc_column][\/vc_row][vc_row css_animation=&#8221;&#8221; row_type=&#8221;row&#8221; use_row_as_full_screen_section=&#8221;no&#8221; type=&#8221;grid&#8221; angled_section=&#8221;no&#8221; text_align=&#8221;left&#8221; background_image_as_pattern=&#8221;without_pattern&#8221; padding_bottom=&#8221;121&#8243; z_index=&#8221;&#8221; css=&#8221;.vc_custom_1742425981587{padding-top: 100px !important;}&#8221;][vc_column width=&#8221;1\/2&#8243; offset=&#8221;vc_col-lg-offset-0 vc_col-lg-3 vc_col-md-offset-0 vc_col-md-6 vc_col-sm-offset-0&#8243;]<div class='q_icon_with_title large custom_icon_image center '><div class=\"icon_holder \" style=\"margin: 0px 0 11px 0; \"><img decoding=\"async\" style=\"margin: 0px 0 11px 0\" src=\"https:\/\/kaczowkafizjoterapia.pl\/wp-content\/uploads\/2025\/03\/Layer_x0020_1.svg\" alt=\"\"><\/div><div class=\"icon_text_holder\" style=\"\"><div class=\"icon_text_inner\" style=\"\"><h3 class=\"icon_title\" style=\"\">Skuteczno\u015b\u0107<\/h3><p style=''>Terapia oparta na sprawdzonych metodach i 15-letnim do\u015bwiadczeniu, kt\u00f3re przynosi realne efekty.<\/p><\/div><\/div><\/div>[\/vc_column][vc_column width=&#8221;1\/2&#8243; offset=&#8221;vc_col-lg-offset-0 vc_col-lg-3 vc_col-md-offset-0 vc_col-md-6 vc_col-sm-offset-0&#8243;]<div class='q_icon_with_title large custom_icon_image center '><div class=\"icon_holder \" style=\"margin: 0px 0 11px 0; \"><img decoding=\"async\" style=\"margin: 0px 0 11px 0\" src=\"https:\/\/kaczowkafizjoterapia.pl\/wp-content\/uploads\/2025\/03\/doctor.svg\" alt=\"\"><\/div><div class=\"icon_text_holder\" style=\"\"><div class=\"icon_text_inner\" style=\"\"><h3 class=\"icon_title\" style=\"\">Indywidualne podej\u015bcie<\/h3><p style=''>Ka\u017cdy pacjent otrzymuje dopasowany plan terapii, dostosowany do jego potrzeb i stanu zdrowia.<\/p><\/div><\/div><\/div>[\/vc_column][vc_column width=&#8221;1\/2&#8243; offset=&#8221;vc_col-lg-offset-0 vc_col-lg-3 vc_col-md-offset-0 vc_col-md-6 vc_col-sm-offset-0&#8243;]<div class='q_icon_with_title large custom_icon_image center '><div class=\"icon_holder \" style=\"margin: 0px 0 11px 0; \"><img decoding=\"async\" style=\"margin: 0px 0 11px 0\" src=\"https:\/\/kaczowkafizjoterapia.pl\/wp-content\/uploads\/2025\/03\/icon.png\" alt=\"\"><\/div><div class=\"icon_text_holder\" style=\"\"><div class=\"icon_text_inner\" style=\"\"><h3 class=\"icon_title\" style=\"\">Holistyczne podej\u015bcie<\/h3><p style=''>Nie tylko redukcja b\u00f3lu, ale te\u017c eliminacja przyczyn problemu, by zapewni\u0107 d\u0142ugotrwa\u0142\u0105 popraw\u0119.<\/p><\/div><\/div><\/div>[\/vc_column][vc_column width=&#8221;1\/2&#8243; offset=&#8221;vc_col-lg-offset-0 vc_col-lg-3 vc_col-md-offset-0 vc_col-md-6 vc_col-sm-offset-0&#8243;]<div class='q_icon_with_title large custom_icon_image center '><div class=\"icon_holder \" style=\"margin: 0px 0 11px 0; \"><img decoding=\"async\" style=\"margin: 0px 0 11px 0\" src=\"https:\/\/kaczowkafizjoterapia.pl\/wp-content\/uploads\/2025\/03\/Layer-32.svg\" alt=\"\"><\/div><div class=\"icon_text_holder\" style=\"\"><div class=\"icon_text_inner\" style=\"\"><h3 class=\"icon_title\" style=\"\">Kompleksowa rehabilitacja<\/h3><p style=''>Indywidualnie dopasowana rehabilitacja, kt\u00f3ra przywraca sprawno\u015b\u0107, redukuje b\u00f3l i zapobiega nawrotom uraz\u00f3w.<\/p><\/div><\/div><\/div>[\/vc_column][\/vc_row][vc_row css_animation=&#8221;&#8221; row_type=&#8221;row&#8221; use_row_as_full_screen_section=&#8221;no&#8221; type=&#8221;full_width&#8221; angled_section=&#8221;no&#8221; text_align=&#8221;center&#8221; background_image_as_pattern=&#8221;without_pattern&#8221; z_index=&#8221;&#8221;][vc_column]<div class=\"qode-sliding-image-holder\">\n\t<div class=\"qode-sih-image-holder\" style=\"background-image:url(https:\/\/kaczowkafizjoterapia.pl\/wp-content\/uploads\/2025\/03\/background-fizjoterapia-pacjenci-zadowoleni.jpg)\">\n\t\t<img decoding=\"async\" class=\"qode-sliding-image-background-image\" src=\"https:\/\/kaczowkafizjoterapia.pl\/wp-content\/uploads\/2025\/03\/background-fizjoterapia-pacjenci-zadowoleni.jpg\" alt=\"Sliding Image\" \/>\n\t\t<img decoding=\"async\" class=\"qode-sliding-image-background-image qode-aux-background-image\" src=\"https:\/\/kaczowkafizjoterapia.pl\/wp-content\/uploads\/2025\/03\/background-fizjoterapia-pacjenci-zadowoleni.jpg\" alt=\"Sliding Image\" \/>\n\t<\/div>\n\t[qode_elements_holder number_of_columns=&#8221;one_column&#8221;][qode_elements_holder_item advanced_animations=&#8221;no&#8221; item_padding=&#8221;20% 0 21% 0&#8243; item_padding_480_600=&#8221;20% 0 69% 0&#8243; item_padding_480=&#8221;20% 0 69% 0&#8243;][vc_single_image image=&#8221;438&#8243; img_size=&#8221;full&#8221; alignment=&#8221;center&#8221; css=&#8221;&#8221; qode_css_animation=&#8221;&#8221;][vc_empty_space height=&#8221;24px&#8221;][vc_column_text css=&#8221;&#8221;]<\/p>\n<h1><span style=\"color: #ffffff; font-size: 60px; letter-spacing: -1.8px;\">\u201eFizjoterapia Katowice \u2013 Twoja droga<br \/>\ndo zdrowia, bez b\u00f3lu i ogranicze\u0144!\u201d<\/span><\/h1>\n<p>[\/vc_column_text][vc_empty_space height=&#8221;12px&#8221;][vc_column_text css=&#8221;&#8221;]<span style=\"color: #ffffff; font-size: 19px;\">Nowoczesna rehabilitacja w Katowicach!<\/span>[\/vc_column_text][\/qode_elements_holder_item][\/qode_elements_holder]<\/div>[\/vc_column][\/vc_row][vc_row css_animation=&#8221;&#8221; row_type=&#8221;row&#8221; use_row_as_full_screen_section=&#8221;no&#8221; type=&#8221;full_width&#8221; angled_section=&#8221;no&#8221; text_align=&#8221;left&#8221; background_image_as_pattern=&#8221;without_pattern&#8221; el_class=&#8221;qode-clients-row&#8221; z_index=&#8221;&#8221;][vc_column][vc_row_inner row_type=&#8221;row&#8221; type=&#8221;grid&#8221; text_align=&#8221;left&#8221; row_negative_margin=&#8221;disable_negative_margin&#8221; css_animation=&#8221;&#8221; css=&#8221;.vc_custom_1742426839100{margin-top: -50px !important;padding-top: 0px !important;}&#8221;][vc_column_inner el_class=&#8221;qode-shadow-column&#8221; css=&#8221;.vc_custom_1742426795788{margin-top: -109px !important;background-color: #066775 !important;}&#8221;][qode_elements_holder number_of_columns=&#8221;one_column&#8221;][qode_elements_holder_item advanced_animations=&#8221;no&#8221; item_padding=&#8221;0 0 0 0&#8243;][qode_clients columns=&#8221;six_columns&#8221; hover_effect=&#8221;switch_img&#8221; switch_effect=&#8221;switch_roll&#8221; disable_separators=&#8221;yes&#8221;][qode_client image=&#8221;468&#8243; hover_image=&#8221;468&#8243;][qode_client image=&#8221;470&#8243; hover_image=&#8221;470&#8243; link=&#8221;#&#8221;][qode_client image=&#8221;347&#8243; hover_image=&#8221;347&#8243;][qode_client image=&#8221;290&#8243; hover_image=&#8221;290&#8243; link=&#8221;#&#8221;][qode_client image=&#8221;291&#8243; hover_image=&#8221;291&#8243; link=&#8221;#&#8221;][qode_client image=&#8221;292&#8243; hover_image=&#8221;292&#8243; link=&#8221;#&#8221;][\/qode_clients][\/qode_elements_holder_item][\/qode_elements_holder][\/vc_column_inner][\/vc_row_inner][\/vc_column][\/vc_row][vc_row css_animation=&#8221;&#8221; row_type=&#8221;row&#8221; use_row_as_full_screen_section=&#8221;no&#8221; type=&#8221;grid&#8221; angled_section=&#8221;no&#8221; text_align=&#8221;left&#8221; background_image_as_pattern=&#8221;without_pattern&#8221; padding_top=&#8221;100&#8243; padding_bottom=&#8221;100&#8243; z_index=&#8221;&#8221;][vc_column width=&#8221;1\/12&#8243;][\/vc_column][vc_column width=&#8221;10\/12&#8243;]<div class='testimonials_holder clearfix dark'><div class=\"testimonials testimonials_carousel\" data-show-navigation=\"yes\" data-animation-type=\"fade\" data-animation-speed=\"\" data-auto-rotate-slides=\"3\" data-number-per-slide=\"1\"><ul class=\"slides\"><li id=\"testimonials553\" class=\"testimonial_content\"><div class=\"testimonial_content_inner\"><div class=\"testimonial_image_holder\"><img decoding=\"async\" itemprop=\"image\" src=\"https:\/\/kaczowkafizjoterapia.pl\/wp-content\/uploads\/2025\/04\/opinia-6.png\" \/><\/div><div class=\"testimonial_text_holder\"><div class=\"testimonial_text_inner\" style=\"color: #7d7d7d;\"><p style=\"font-size:20px;color:#7d7d7d\">Dzi\u0119kuj\u0119 panie \u0141ukaszu! Wreszcie mog\u0119 odetchn\u0105\u0107! Niesamowite podej\u015bcie do cz\u0142owieka i wreszcie skuteczne rozwi\u0105zanie!!! Polecam !!!!<\/p><p class=\"testimonial_author\" style=\"color: #7d7d7d;font-weight: 700;color: #040707;font-size: 22px;\">Adam K.<\/p><\/div><\/div><\/div><\/li><li id=\"testimonials552\" class=\"testimonial_content\"><div class=\"testimonial_content_inner\"><div class=\"testimonial_image_holder\"><img decoding=\"async\" itemprop=\"image\" src=\"https:\/\/kaczowkafizjoterapia.pl\/wp-content\/uploads\/2025\/04\/opinia-3.png\" \/><\/div><div class=\"testimonial_text_holder\"><div class=\"testimonial_text_inner\" style=\"color: #7d7d7d;\"><p style=\"font-size:20px;color:#7d7d7d\">Polecam z ca\u0142ego serca. \u0141ukasza pozna\u0142em kilka lat temu przypadkiem. Zaprosi\u0142 mnie na wizyt\u0119 i to mo\u017cna powiedzie\u0107, \u017ce odmieni\u0142o moje \u017cycie \ud83d\ude42 Regularnie mnie naprawia i daje nowe \u017cycie z uwagi na moj\u0105 prac\u0119, kt\u00f3ra obci\u0105\u017ca mocno ca\u0142y uk\u0142ad kostno- mi\u0119\u015bniowy.. Na wizyt\u0119 u niego nam\u00f3wi\u0142em ca\u0142\u0105 rodzin\u0119 - ka\u017cdy zachwycony. Moja \u017cona po z\u0142amaniu nogi dzi\u0119ki \u0141ukaszowi bardzo szybko wr\u00f3ci\u0142a do pe\u0142nej sprawno\u015bci . Mama mia\u0142a epizod w szpitalu, zamiast niego i lek\u00f3w trzeba i\u015b\u0107 do fizjo! Facet wie co robi , ma ogromn\u0105 wiedz\u0119, z wielu dziedzin. Polecam !<\/p><p class=\"testimonial_author\" style=\"color: #7d7d7d;font-weight: 700;color: #040707;font-size: 22px;\">Kamil M.<\/p><\/div><\/div><\/div><\/li><li id=\"testimonials551\" class=\"testimonial_content\"><div class=\"testimonial_content_inner\"><div class=\"testimonial_image_holder\"><img decoding=\"async\" itemprop=\"image\" src=\"https:\/\/kaczowkafizjoterapia.pl\/wp-content\/uploads\/2025\/04\/opinie-4.png\" \/><\/div><div class=\"testimonial_text_holder\"><div class=\"testimonial_text_inner\" style=\"color: #7d7d7d;\"><p style=\"font-size:20px;color:#7d7d7d\">Pe\u0142en profesjonalizm, ogromna wiedza i do\u015bwiadczenie. Pan \u0141ukasz szczeg\u00f3\u0142owo wyt\u0142umaczy\u0142 mi z czego mo\u017ce wynika\u0107 m\u00f3j problem z plecami. Po pierwszej wizycie ju\u017c czu\u0142am ulg\u0119 i dosta\u0142am jasne instrukcje co do \u0107wicze\u0144 zalecanych w domu. Pan \u0141ukasz s\u0142ucha pacjenta, jest empatyczny i ch\u0119tny do pomocy A to wszystko w przemi\u0142ej atmosferze. Polecam serdecznie<\/p><p class=\"testimonial_author\" style=\"color: #7d7d7d;font-weight: 700;color: #040707;font-size: 22px;\">Magdalena.<\/p><\/div><\/div><\/div><\/li><\/ul><\/div><\/div>[\/vc_column][vc_column width=&#8221;1\/12&#8243;][\/vc_column][\/vc_row][vc_row css_animation=&#8221;&#8221; row_type=&#8221;row&#8221; use_row_as_full_screen_section=&#8221;no&#8221; type=&#8221;full_width&#8221; angled_section=&#8221;no&#8221; text_align=&#8221;left&#8221; background_image_as_pattern=&#8221;without_pattern&#8221;][vc_column][vc_single_image image=&#8221;556&#8243; img_size=&#8221;large&#8221; alignment=&#8221;center&#8221; css=&#8221;.vc_custom_1748973423810{margin-bottom: 50px !important;}&#8221; qode_css_animation=&#8221;&#8221;][\/vc_column][\/vc_row][vc_row css_animation=&#8221;&#8221; row_type=&#8221;row&#8221; use_row_as_full_screen_section=&#8221;no&#8221; type=&#8221;full_width&#8221; angled_section=&#8221;no&#8221; text_align=&#8221;left&#8221; background_image_as_pattern=&#8221;without_pattern&#8221;][vc_column][vc_raw_html css=&#8221;&#8221;]JTNDYSUyMGlkJTNEJTIyemwtdXJsJTIyJTIwY2xhc3MlM0QlMjJ6bC11cmwlMjIlMjBocmVmJTNEJTIyaHR0cHMlM0ElMkYlMkZ3d3cuem5hbnlsZWthcnoucGwlMkZsdWthc3ota2Fjem93a2ElMkZmaXpqb3RlcmFwZXV0YSUyRmthdG93aWNlJTIyJTIwcmVsJTNEJTIybm9mb2xsb3clMjIlMjBkYXRhLXpsdy1kb2N0b3IlM0QlMjJsdWthc3ota2Fjem93a2ElMjIlMjBkYXRhLXpsdy10eXBlJTNEJTIyYmlnX3dpdGhfY2FsZW5kYXIlMjIlMjBkYXRhLXpsdy1vcGluaW9uJTNEJTIyZmFsc2UlMjIlMjBkYXRhLXpsdy1oaWRlLWJyYW5kaW5nJTNEJTIydHJ1ZSUyMiUyMGRhdGEtemx3LXNhYXMtb25seSUzRCUyMnRydWUlMjIlMjBkYXRhLXpsdy1hMTF5LXRpdGxlJTNEJTIyV2lkZ2V0JTIwdW0lQzMlQjN3aWVuaWElMjB3aXp5dHklMjBsZWthcnNraWVqJTIyJTNFJUM1JTgxdWthc3olQzIlQTAlQzIlQTBLYWN6JUMzJUIzd2thJTIwLSUyMFpuYW55TGVrYXJ6LnBsJTNDJTJGYSUzRSUzQ3NjcmlwdCUzRSUyMWZ1bmN0aW9uJTI4JTI0X3glMkNfcyUyQ2lkJTI5JTdCdmFyJTIwanMlMkNmanMlM0QlMjRfeC5nZXRFbGVtZW50c0J5VGFnTmFtZSUyOF9zJTI5JTVCMCU1RCUzQmlmJTI4JTIxJTI0X3guZ2V0RWxlbWVudEJ5SWQlMjhpZCUyOSUyOSU3QmpzJTIwJTNEJTIwJTI0X3guY3JlYXRlRWxlbWVudCUyOF9zJTI5JTNCanMuaWQlMjAlM0QlMjBpZCUzQmpzLnNyYyUyMCUzRCUyMCUyMiUyRiUyRnBsYXRmb3JtLmRvY3BsYW5uZXIuY29tJTJGanMlMkZ3aWRnZXQuanMlMjIlM0JmanMucGFyZW50Tm9kZS5pbnNlcnRCZWZvcmUlMjhqcyUyQ2ZqcyUyOSUzQiU3RCU3RCUyOGRvY3VtZW50JTJDJTIyc2NyaXB0JTIyJTJDJTIyemwtd2lkZ2V0LXMlMjIlMjklM0IlM0MlMkZzY3JpcHQlM0U=[\/vc_raw_html][\/vc_column][\/vc_row]<\/p>\n<\/div>","protected":false},"excerpt":{"rendered":"<p>[vc_row css_animation=&#8221;&#8221; row_type=&#8221;row&#8221; use_row_as_full_screen_section=&#8221;no&#8221; type=&#8221;full_width&#8221; angled_section=&#8221;no&#8221; text_align=&#8221;left&#8221; background_image_as_pattern=&#8221;without_pattern&#8221;][vc_column][rev_slider_vc alias=&#8221;home&#8221;][\/vc_column][\/vc_row][vc_row css_animation=&#8221;&#8221; row_type=&#8221;row&#8221; use_row_as_full_screen_section=&#8221;no&#8221; type=&#8221;grid&#8221; angled_section=&#8221;no&#8221; text_align=&#8221;left&#8221; background_image_as_pattern=&#8221;without_pattern&#8221; z_index=&#8221;&#8221; css=&#8221;.vc_custom_1528109118284{background-color: #ffffff !important;}&#8221;][vc_column css=&#8221;.vc_custom_1528210559804{margin-top: -114px !important;padding-top: 0px !important;padding-left: 0px !important;}&#8221;][vc_single_image image=&#8221;461&#8243; img_size=&#8221;full&#8221; style=&#8221;vc_box_border&#8221; css=&#8221;.vc_custom_1744234532811{border-top-width: 1px !important;border-color: #FFFFFF !important;}&#8221; qode_css_animation=&#8221;element_from_right&#8221; qode_hover_animation=&#8221;zoom_in&#8221;][\/vc_column][\/vc_row][vc_row css_animation=&#8221;&#8221; row_type=&#8221;row&#8221; use_row_as_full_screen_section=&#8221;no&#8221; type=&#8221;grid&#8221; angled_section=&#8221;no&#8221; text_align=&#8221;left&#8221; background_image_as_pattern=&#8221;without_pattern&#8221; padding_top=&#8221;120&#8243;&#8230;<\/p>\n","protected":false},"author":1,"featured_media":0,"parent":0,"menu_order":0,"comment_status":"closed","ping_status":"closed","template":"full_width.php","meta":{"content-type":"","footnotes":""},"class_list":["post-355","page","type-page","status-publish","hentry"],"_links":{"self":[{"href":"https:\/\/kaczowkafizjoterapia.pl\/index.php\/wp-json\/wp\/v2\/pages\/355","targetHints":{"allow":["GET"]}}],"collection":[{"href":"https:\/\/kaczowkafizjoterapia.pl\/index.php\/wp-json\/wp\/v2\/pages"}],"about":[{"href":"https:\/\/kaczowkafizjoterapia.pl\/index.php\/wp-json\/wp\/v2\/types\/page"}],"author":[{"embeddable":true,"href":"https:\/\/kaczowkafizjoterapia.pl\/index.php\/wp-json\/wp\/v2\/users\/1"}],"replies":[{"embeddable":true,"href":"https:\/\/kaczowkafizjoterapia.pl\/index.php\/wp-json\/wp\/v2\/comments?post=355"}],"version-history":[{"count":60,"href":"https:\/\/kaczowkafizjoterapia.pl\/index.php\/wp-json\/wp\/v2\/pages\/355\/revisions"}],"predecessor-version":[{"id":564,"href":"https:\/\/kaczowkafizjoterapia.pl\/index.php\/wp-json\/wp\/v2\/pages\/355\/revisions\/564"}],"wp:attachment":[{"href":"https:\/\/kaczowkafizjoterapia.pl\/index.php\/wp-json\/wp\/v2\/media?parent=355"}],"curies":[{"name":"wp","href":"https:\/\/api.w.org\/{rel}","templated":true}]}}